{"id":3,"date":"2020-04-21T18:10:19","date_gmt":"2020-04-21T16:10:19","guid":{"rendered":"http:\/\/homeenm.cluster028.hosting.ovh.net\/?page_id=3"},"modified":"2024-04-10T16:12:13","modified_gmt":"2024-04-10T14:12:13","slug":"mentions-legales","status":"publish","type":"page","link":"https:\/\/home-energy45.fr\/index.php\/mentions-legales\/","title":{"rendered":"Mentions L\u00e9gales"},"content":{"rendered":"\t\t<div data-elementor-type=\"wp-page\" data-elementor-id=\"3\" class=\"elementor elementor-3\">\n\t\t\t\t\t\t<section class=\"elementor-section elementor-top-section elementor-element elementor-element-33cbf45 elementor-section-stretched elementor-section-boxed elementor-section-height-default elementor-section-height-default\" data-id=\"33cbf45\" data-element_type=\"section\" data-e-type=\"section\" data-settings=\"{&quot;stretch_section&quot;:&quot;section-stretched&quot;,&quot;background_background&quot;:&quot;classic&quot;}\">\n\t\t\t\t\t\t<div class=\"elementor-container elementor-column-gap-default\">\n\t\t\t\t\t<div class=\"elementor-column elementor-col-100 elementor-top-column elementor-element elementor-element-a369067\" data-id=\"a369067\" data-element_type=\"column\" data-e-type=\"column\">\n\t\t\t<div class=\"elementor-widget-wrap elementor-element-populated\">\n\t\t\t\t\t\t<div class=\"elementor-element elementor-element-295dd23 elementor-widget elementor-widget-cms_heading\" data-id=\"295dd23\" data-element_type=\"widget\" data-e-type=\"widget\" data-widget_type=\"cms_heading.default\">\n\t\t\t\t<div class=\"elementor-widget-container\">\n\t\t\t\t\t\r\n<div class=\"cms-heading-wrapper cms-heading-layout1\">\r\r\n    \r\n\r\r\n    \r\n        <h2 class=\"custom-heading\">\r\r\n            <span >Mentions L\u00e9gales<\/span>\r\r\n        <\/h2>\r\r\n    \r\n    \r\r\n    \r\n<\/div>\t\t\t\t<\/div>\n\t\t\t\t<\/div>\n\t\t\t\t\t<\/div>\n\t\t<\/div>\n\t\t\t\t\t<\/div>\n\t\t<\/section>\n\t\t\t\t<section class=\"elementor-section elementor-top-section elementor-element elementor-element-aa4a3b3 elementor-section-boxed elementor-section-height-default elementor-section-height-default\" data-id=\"aa4a3b3\" data-element_type=\"section\" data-e-type=\"section\">\n\t\t\t\t\t\t<div class=\"elementor-container elementor-column-gap-default\">\n\t\t\t\t\t<div class=\"elementor-column elementor-col-100 elementor-top-column elementor-element elementor-element-4b1e477\" data-id=\"4b1e477\" data-element_type=\"column\" data-e-type=\"column\">\n\t\t\t<div class=\"elementor-widget-wrap elementor-element-populated\">\n\t\t\t\t\t\t<div class=\"elementor-element elementor-element-fe0f3a3 elementor-widget elementor-widget-text-editor\" data-id=\"fe0f3a3\" data-element_type=\"widget\" data-e-type=\"widget\" data-widget_type=\"text-editor.default\">\n\t\t\t\t<div class=\"elementor-widget-container\">\n\t\t\t\t\t\t\t\t\t<p><strong>Home Energy 45<\/strong><br \/>Travaux d&#8217;installation d&#8217;eau et de gaz en tous locaux<br \/>880 Route nationale 20 45770 SARAN<br \/>T\u00e9l\u00e9phone : 02 18 69 31 40<br \/>Mail : <a href=\"mailto:contact.homeenergy45@gmail.com\" target=\"_blank\" rel=\"noopener\">contact.homeenergy45@gmail.com<\/a><br \/>Siret : 50059266200034<br \/>Capital social : 6 000,00 \u20ac<\/p><p>www.home-energy-offres1euro.fr<br \/>LE SITE INTERNET<br \/>Responsable l\u00e9gale : Charlie Lacombe<br \/>R\u00e9daction : Home Energy<br \/>Identit\u00e9 visuelle de home-energy45.fr cr\u00e9\u00e9e et r\u00e9alis\u00e9e pour le site web par<br \/><a>COMMUNIK&amp;VOUS<\/a><br \/>H\u00e9bergement : OVH Mise en ligne : 05 05 2023<\/p><p><strong>DONN\u00c9ES PERSONNELLES<\/strong><br \/>Chez HOME ENERGY, nous accordons une grande importance \u00e0 la protection de vos donn\u00e9es personnelles. Nous les utilisons dans le strict respect de la r\u00e9glementation, de fa\u00e7on responsable et s\u00e9curis\u00e9e.<\/p><p>\u2022 Correspondant Informatique et Libert\u00e9 : Charlie Lacombe<br \/>\u2022 Les informations recueillies \u00e0 partir de ce formulaire font l\u2019objet d\u2019un traitement informatique destin\u00e9 \u00e0 : HOME ENERGY<br \/>\u2022 Pour la ou les finalit\u00e9(s) suivante(s) : La promotion des activit\u00e9s propos\u00e9es par HOME ENERGY aupr\u00e8s de ses clients, abonn\u00e9s ou futurs, et permettre la bonne gestion de notre client\u00e8le et de nos partenaires.<br \/>\u2022 Le ou les destinataire(s) des donn\u00e9es sont : Le service commercial En conformit\u00e9 avec le RGPD, nous ne c\u00e9dons pas les coordonn\u00e9es dont nous disposons \u00e0 un tiers. Nous esp\u00e9rons vous garder parmi nos abonn\u00e9s, nos clients et nos contacts le plus longtemps possible. Conform\u00e9ment \u00e0 la loi \u00ab informatique et libert\u00e9s \u00bb du 6 janvier 1978 modifi\u00e9e, vous disposez d\u2019un droit d\u2019acc\u00e8s et de rectification aux informations qui vous concernent. Vous pouvez acc\u00e9der aux informations vous concernant ou vous d\u00e9sinscrire en vous adressant \u00e0 : HOME ENERGY par email \u00e0 <a href=\"mailto:contact.homeenergy45@gmail.com\" target=\"_blank\" rel=\"noopener\">contact.homeenergy45@gmail.com<\/a> et\/ou par courrier au 880 Route nationale 20 45770 SARAN. Vous pouvez \u00e9galement, pour des motifs l\u00e9gitimes, vous opposer au traitement des donn\u00e9es vous concernant. Pour en savoir plus, consultez vos droits sur le site de la CNIL.<\/p><p><strong>PROPRI\u00c9T\u00c9<\/strong><br \/>Le site et les informations qu\u2019il contient sont prot\u00e9g\u00e9s par la loi fran\u00e7aise sur la propri\u00e9t\u00e9 intellectuelle et par les conventions internationales. Le site et les \u00e9l\u00e9ments de son contenu ne peuvent \u00eatre ni reproduits, ni republi\u00e9s, ni retranscrits, ni modifi\u00e9s, ni retransmis sans l\u2019autorisation pr\u00e9alable des ayants droits par \u00e9crit (sauf utilisation dans le cercle de famille ou usage priv\u00e9).<\/p>\t\t\t\t\t\t\t\t<\/div>\n\t\t\t\t<\/div>\n\t\t\t\t\t<\/div>\n\t\t<\/div>\n\t\t\t\t\t<\/div>\n\t\t<\/section>\n\t\t\t\t<\/div>\n\t\t","protected":false},"excerpt":{"rendered":"<p>Mentions L\u00e9gales Home Energy 45 Travaux d&#8217;installation d&#8217;eau et de gaz en tous locaux 880 Route nationale 20 45770 SARAN T\u00e9l\u00e9phone : 02 18 69 31 40 Mail : contact.homeenergy45@gmail.com Siret : 50059266200034 Capital social : 6 000,00 \u20ac www.home-energy-offres1euro.fr LE SITE INTERNET Responsable l\u00e9gale : Charlie Lacombe R\u00e9daction : Home Energy Identit\u00e9 visuelle de [&hellip;]<\/p>\n","protected":false},"author":1,"featured_media":0,"parent":0,"menu_order":0,"comment_status":"closed","ping_status":"closed","template":"","meta":{"footnotes":""},"class_list":["post-3","page","type-page","status-publish","hentry"],"yoast_head":"<!-- This site is optimized with the Yoast SEO plugin v27.4 - https:\/\/yoast.com\/product\/yoast-seo-wordpress\/ -->\n<title>Mentions L\u00e9gales Home Energy 45 - Home Energy Saran<\/title>\n<meta name=\"robots\" content=\"index, follow, max-snippet:-1, max-image-preview:large, max-video-preview:-1\" \/>\n<link rel=\"canonical\" href=\"https:\/\/home-energy45.fr\/index.php\/mentions-legales\/\" \/>\n<meta property=\"og:locale\" content=\"fr_FR\" \/>\n<meta property=\"og:type\" content=\"article\" \/>\n<meta property=\"og:title\" content=\"Mentions L\u00e9gales Home Energy 45 - Home Energy Saran\" \/>\n<meta property=\"og:description\" content=\"Mentions L\u00e9gales Home Energy 45 Travaux d&#8217;installation d&#8217;eau et de gaz en tous locaux 880 Route nationale 20 45770 SARAN T\u00e9l\u00e9phone : 02 18 69 31 40 Mail : contact.homeenergy45@gmail.com Siret : 50059266200034 Capital social : 6 000,00 \u20ac www.home-energy-offres1euro.fr LE SITE INTERNET Responsable l\u00e9gale : Charlie Lacombe R\u00e9daction : Home Energy Identit\u00e9 visuelle de [&hellip;]\" \/>\n<meta property=\"og:url\" content=\"https:\/\/home-energy45.fr\/index.php\/mentions-legales\/\" \/>\n<meta property=\"og:site_name\" content=\"Home Energy Loiret\" \/>\n<meta property=\"article:modified_time\" content=\"2024-04-10T14:12:13+00:00\" \/>\n<meta name=\"twitter:card\" content=\"summary_large_image\" \/>\n<meta name=\"twitter:label1\" content=\"Dur\u00e9e de lecture estim\u00e9e\" \/>\n\t<meta name=\"twitter:data1\" content=\"2 minutes\" \/>\n<script type=\"application\/ld+json\" class=\"yoast-schema-graph\">{\"@context\":\"https:\\\/\\\/schema.org\",\"@graph\":[{\"@type\":\"WebPage\",\"@id\":\"https:\\\/\\\/home-energy45.fr\\\/index.php\\\/mentions-legales\\\/\",\"url\":\"https:\\\/\\\/home-energy45.fr\\\/index.php\\\/mentions-legales\\\/\",\"name\":\"Mentions L\u00e9gales Home Energy 45 - Home Energy Saran\",\"isPartOf\":{\"@id\":\"https:\\\/\\\/home-energy45.fr\\\/#website\"},\"datePublished\":\"2020-04-21T16:10:19+00:00\",\"dateModified\":\"2024-04-10T14:12:13+00:00\",\"breadcrumb\":{\"@id\":\"https:\\\/\\\/home-energy45.fr\\\/index.php\\\/mentions-legales\\\/#breadcrumb\"},\"inLanguage\":\"fr-FR\",\"potentialAction\":[{\"@type\":\"ReadAction\",\"target\":[\"https:\\\/\\\/home-energy45.fr\\\/index.php\\\/mentions-legales\\\/\"]}]},{\"@type\":\"BreadcrumbList\",\"@id\":\"https:\\\/\\\/home-energy45.fr\\\/index.php\\\/mentions-legales\\\/#breadcrumb\",\"itemListElement\":[{\"@type\":\"ListItem\",\"position\":1,\"name\":\"Accueil\",\"item\":\"https:\\\/\\\/home-energy45.fr\\\/\"},{\"@type\":\"ListItem\",\"position\":2,\"name\":\"Mentions L\u00e9gales\"}]},{\"@type\":\"WebSite\",\"@id\":\"https:\\\/\\\/home-energy45.fr\\\/#website\",\"url\":\"https:\\\/\\\/home-energy45.fr\\\/\",\"name\":\"Home Energy Loiret\",\"description\":\"Solutions \u00c9nerg\u00e9tiques pour l&#039;Habitat\",\"potentialAction\":[{\"@type\":\"SearchAction\",\"target\":{\"@type\":\"EntryPoint\",\"urlTemplate\":\"https:\\\/\\\/home-energy45.fr\\\/?s={search_term_string}\"},\"query-input\":{\"@type\":\"PropertyValueSpecification\",\"valueRequired\":true,\"valueName\":\"search_term_string\"}}],\"inLanguage\":\"fr-FR\"}]}<\/script>\n<!-- \/ Yoast SEO plugin. -->","yoast_head_json":{"title":"Mentions L\u00e9gales Home Energy 45 - Home Energy Saran","robots":{"index":"index","follow":"follow","max-snippet":"max-snippet:-1","max-image-preview":"max-image-preview:large","max-video-preview":"max-video-preview:-1"},"canonical":"https:\/\/home-energy45.fr\/index.php\/mentions-legales\/","og_locale":"fr_FR","og_type":"article","og_title":"Mentions L\u00e9gales Home Energy 45 - Home Energy Saran","og_description":"Mentions L\u00e9gales Home Energy 45 Travaux d&#8217;installation d&#8217;eau et de gaz en tous locaux 880 Route nationale 20 45770 SARAN T\u00e9l\u00e9phone : 02 18 69 31 40 Mail : contact.homeenergy45@gmail.com Siret : 50059266200034 Capital social : 6 000,00 \u20ac www.home-energy-offres1euro.fr LE SITE INTERNET Responsable l\u00e9gale : Charlie Lacombe R\u00e9daction : Home Energy Identit\u00e9 visuelle de [&hellip;]","og_url":"https:\/\/home-energy45.fr\/index.php\/mentions-legales\/","og_site_name":"Home Energy Loiret","article_modified_time":"2024-04-10T14:12:13+00:00","twitter_card":"summary_large_image","twitter_misc":{"Dur\u00e9e de lecture estim\u00e9e":"2 minutes"},"schema":{"@context":"https:\/\/schema.org","@graph":[{"@type":"WebPage","@id":"https:\/\/home-energy45.fr\/index.php\/mentions-legales\/","url":"https:\/\/home-energy45.fr\/index.php\/mentions-legales\/","name":"Mentions L\u00e9gales Home Energy 45 - Home Energy Saran","isPartOf":{"@id":"https:\/\/home-energy45.fr\/#website"},"datePublished":"2020-04-21T16:10:19+00:00","dateModified":"2024-04-10T14:12:13+00:00","breadcrumb":{"@id":"https:\/\/home-energy45.fr\/index.php\/mentions-legales\/#breadcrumb"},"inLanguage":"fr-FR","potentialAction":[{"@type":"ReadAction","target":["https:\/\/home-energy45.fr\/index.php\/mentions-legales\/"]}]},{"@type":"BreadcrumbList","@id":"https:\/\/home-energy45.fr\/index.php\/mentions-legales\/#breadcrumb","itemListElement":[{"@type":"ListItem","position":1,"name":"Accueil","item":"https:\/\/home-energy45.fr\/"},{"@type":"ListItem","position":2,"name":"Mentions L\u00e9gales"}]},{"@type":"WebSite","@id":"https:\/\/home-energy45.fr\/#website","url":"https:\/\/home-energy45.fr\/","name":"Home Energy Loiret","description":"Solutions \u00c9nerg\u00e9tiques pour l&#039;Habitat","potentialAction":[{"@type":"SearchAction","target":{"@type":"EntryPoint","urlTemplate":"https:\/\/home-energy45.fr\/?s={search_term_string}"},"query-input":{"@type":"PropertyValueSpecification","valueRequired":true,"valueName":"search_term_string"}}],"inLanguage":"fr-FR"}]}},"_links":{"self":[{"href":"https:\/\/home-energy45.fr\/index.php\/wp-json\/wp\/v2\/pages\/3","targetHints":{"allow":["GET"]}}],"collection":[{"href":"https:\/\/home-energy45.fr\/index.php\/wp-json\/wp\/v2\/pages"}],"about":[{"href":"https:\/\/home-energy45.fr\/index.php\/wp-json\/wp\/v2\/types\/page"}],"author":[{"embeddable":true,"href":"https:\/\/home-energy45.fr\/index.php\/wp-json\/wp\/v2\/users\/1"}],"replies":[{"embeddable":true,"href":"https:\/\/home-energy45.fr\/index.php\/wp-json\/wp\/v2\/comments?post=3"}],"version-history":[{"count":21,"href":"https:\/\/home-energy45.fr\/index.php\/wp-json\/wp\/v2\/pages\/3\/revisions"}],"predecessor-version":[{"id":6828,"href":"https:\/\/home-energy45.fr\/index.php\/wp-json\/wp\/v2\/pages\/3\/revisions\/6828"}],"wp:attachment":[{"href":"https:\/\/home-energy45.fr\/index.php\/wp-json\/wp\/v2\/media?parent=3"}],"curies":[{"name":"wp","href":"https:\/\/api.w.org\/{rel}","templated":true}]}}